{"id":2,"date":"2025-08-22T08:50:40","date_gmt":"2025-08-22T08:50:40","guid":{"rendered":"http:\/\/qfhbgkf.cluster100.hosting.ovh.net\/?page_id=2"},"modified":"2025-08-22T12:38:29","modified_gmt":"2025-08-22T12:38:29","slug":"qui-suis-je","status":"publish","type":"page","link":"https:\/\/www.canicompostelle.fr\/index.php\/qui-suis-je\/","title":{"rendered":"Qui je suis ?"},"content":{"rendered":"\n<p>En 2017, je suis partie marcher vers Compostelle avec mes deux chiens, Missak et Ropin. Quatre mois sur les chemins, plus de 2000 km parcourus, et une aventure hors du commun qui a marqu\u00e9 nos vies.<\/p>\n\n\n\n<p>Tout au long du voyage, j\u2019ai tenu un journal de bord sur Facebook. \u00c0 ma grande surprise, il a attir\u00e9 des centaines de lecteurs chaque jour, qui suivaient nos pas et nos histoires comme un feuilleton. \u00c0 mon retour, j\u2019ai voulu prolonger cette dynamique et j\u2019ai cr\u00e9\u00e9 le groupe <strong>Cani-Compostelle<\/strong>, pour rassembler les p\u00e8lerins qui voyagent avec leurs chiens, partager des conseils, des r\u00e9cits, des photos\u2026 et montrer que chaque duo humain-chien a sa propre mani\u00e8re de vivre le Chemin.<\/p>\n\n\n\n<h3 class=\"wp-block-heading\">Notre itin\u00e9raire<\/h3>\n\n\n\n<ul class=\"wp-block-list\">\n<li><strong>En France<\/strong> : d\u00e9part du Puy-en-Velay sur le GR 65, passage par la vall\u00e9e du C\u00e9l\u00e9 jusqu\u2019\u00e0 Cahors, puis direction Saint-Jean-Pied-de-Port. Ensuite, nous avons suivi la variante \u00ab G\u00e9rard du Camino \u00bb jusqu\u2019\u00e0 Hendaye.<\/li>\n\n\n\n<li><strong>En Espagne<\/strong> : le Camino del Norte le long de la c\u00f4te atlantique, puis le Camino Primitivo \u00e0 travers les montagnes des Asturies. Apr\u00e8s Santiago, nous avons prolong\u00e9 jusqu\u2019\u00e0 Mux\u00eda et Finisterre, avant de repartir par le Camino Ingl\u00e9s \u00e0 l\u2019envers jusqu\u2019\u00e0 La Corogne.<\/li>\n<\/ul>\n\n\n\n<p>La vie a continu\u00e9 apr\u00e8s le Chemin. Mon vieux  Ropin nous a quitt\u00e9s en 2020, mais son souvenir m\u2019accompagne toujours. Quant \u00e0 Missak, mon fid\u00e8le Mimou, il vient de f\u00eater ses 16 printemps et il est encore en pleine forme : un vrai rayon de soleil qui me rappelle chaque jour l\u2019importance de savourer le chemin autant que la destination.<\/p>\n\n\n\n<p>Il y a eu une premi\u00e8re version de ce site, mais\u2026 soyons honn\u00eates : j\u2019ai oubli\u00e9 de payer l\u2019h\u00e9bergement, et tout a disparu ! Alors, en 2025, me revoil\u00e0 avec une nouvelle version. Ici, tu trouveras des articles qui r\u00e9capitulent mes exp\u00e9riences personnelles, mais qui n\u2019ont pas vocation \u00e0 rester fig\u00e9s : l\u2019id\u00e9e, c\u2019est de les enrichir avec les t\u00e9moignages et les astuces de tous les cani-p\u00e8lerins.<\/p>\n\n\n\n<p>Cani Compostelle, c\u2019est avant tout une aventure collective : parce qu\u2019on avance mieux en partageant, et que chaque chien a un chemin unique.<\/p>\n\n\n\n<p>Que tu sois en train de pr\u00e9parer ton voyage avec ton chien, ou que tu aies d\u00e9j\u00e0 march\u00e9 et que tu veuilles partager ton exp\u00e9rience, rejoins le groupe <a href=\"https:\/\/www.facebook.com\/groups\/207426149807775\"><strong>Cani-Compostelle<\/strong><\/a> !<\/p>\n\n\n\n<p><\/p>\n\n\n\n<p>Oriane<\/p>\n\n\n\n<p>Une de mes photos pr\u00e9f\u00e9r\u00e9es de Missak &amp; Ropin sur le Norte :<\/p>\n\n\n\n<figure class=\"wp-block-image size-full\"><img loading=\"lazy\" decoding=\"async\" width=\"1024\" height=\"768\" src=\"http:\/\/qfhbgkf.cluster100.hosting.ovh.net\/wp-content\/uploads\/2025\/08\/Images-darticles-bonnetaille.png\" alt=\"\" class=\"wp-image-38\" srcset=\"https:\/\/www.canicompostelle.fr\/wp-content\/uploads\/2025\/08\/Images-darticles-bonnetaille.png 1024w, https:\/\/www.canicompostelle.fr\/wp-content\/uploads\/2025\/08\/Images-darticles-bonnetaille-300x225.png 300w, https:\/\/www.canicompostelle.fr\/wp-content\/uploads\/2025\/08\/Images-darticles-bonnetaille-768x576.png 768w\" sizes=\"auto, (max-width: 1024px) 100vw, 1024px\" \/><\/figure>\n\n\n\n<p><\/p>\n","protected":false},"excerpt":{"rendered":"<p>En 2017, je suis partie marcher vers Compostelle avec mes deux chiens, Missak et Ropin.&hellip;<\/p>\n","protected":false},"author":1,"featured_media":0,"parent":0,"menu_order":0,"comment_status":"closed","ping_status":"open","template":"","meta":{"footnotes":""},"class_list":["post-2","page","type-page","status-publish","hentry"],"_links":{"self":[{"href":"https:\/\/www.canicompostelle.fr\/index.php\/wp-json\/wp\/v2\/pages\/2","targetHints":{"allow":["GET"]}}],"collection":[{"href":"https:\/\/www.canicompostelle.fr\/index.php\/wp-json\/wp\/v2\/pages"}],"about":[{"href":"https:\/\/www.canicompostelle.fr\/index.php\/wp-json\/wp\/v2\/types\/page"}],"author":[{"embeddable":true,"href":"https:\/\/www.canicompostelle.fr\/index.php\/wp-json\/wp\/v2\/users\/1"}],"replies":[{"embeddable":true,"href":"https:\/\/www.canicompostelle.fr\/index.php\/wp-json\/wp\/v2\/comments?post=2"}],"version-history":[{"count":1,"href":"https:\/\/www.canicompostelle.fr\/index.php\/wp-json\/wp\/v2\/pages\/2\/revisions"}],"predecessor-version":[{"id":39,"href":"https:\/\/www.canicompostelle.fr\/index.php\/wp-json\/wp\/v2\/pages\/2\/revisions\/39"}],"wp:attachment":[{"href":"https:\/\/www.canicompostelle.fr\/index.php\/wp-json\/wp\/v2\/media?parent=2"}],"curies":[{"name":"wp","href":"https:\/\/api.w.org\/{rel}","templated":true}]}}